{"id":20,"date":"2011-02-08T20:44:25","date_gmt":"2011-02-08T20:44:25","guid":{"rendered":"http:\/\/coolmar.net\/?page_id=20"},"modified":"2017-02-07T14:00:47","modified_gmt":"2017-02-07T14:00:47","slug":"dojazd","status":"publish","type":"page","link":"http:\/\/coolmar.net\/?page_id=20","title":{"rendered":"Dojazd"},"content":{"rendered":"<p><strong>COOLMAR S.C. Marcin D\u0119bski i Andrzej Ku\u0142akowski<\/strong><\/p>\n<p>84-300 L\u0119bork<br \/>\nul. Kossaka 23<br \/>\nNIP: 841-170-13-52<\/p>\n<p>Telefon: 59 727 93 77<\/p>\n<p>Faks: 59 727 93 67<\/p>\n<p>E-mail: biuro[at]coolmar.net<\/p>\n<p><img decoding=\"async\" loading=\"lazy\" alt=\"\" src=\"http:\/\/coolmar.net\/!!image\/kossaka23.jpg\" title=\"COOLMAR\" class=\"alignnone\" width=\"500\" height=\"343\" \/><\/p>\n<p><iframe loading=\"lazy\" width=\"500\" height=\"350\" frameborder=\"0\" scrolling=\"no\" marginheight=\"0\" marginwidth=\"0\" src=\"http:\/\/maps.google.com\/maps?q=54.54811,17.749851&amp;num=1&amp;sll=54.547587,17.749974&amp;sspn=0.006295,0.006295&amp;ie=UTF8&amp;ll=54.547774,17.749958&amp;spn=0.017424,0.042915&amp;z=14&amp;output=embed\"><\/iframe><br \/><small><a href=\"http:\/\/maps.google.com\/maps?q=54.54811,17.749851&amp;num=1&amp;sll=54.547587,17.749974&amp;sspn=0.006295,0.006295&amp;ie=UTF8&amp;ll=54.547774,17.749958&amp;spn=0.017424,0.042915&amp;z=14&amp;source=embed\" style=\"color:#0000FF;text-align:left\">Wy\u015bwietl wi\u0119ksz\u0105 map\u0119<\/a><\/small><\/p>\n","protected":false},"excerpt":{"rendered":"<p>COOLMAR S.C. Marcin D\u0119bski i Andrzej Ku\u0142akowski 84-300 L\u0119bork ul. Kossaka 23 NIP: 841-170-13-52 Telefon: 59 727 93 77 Faks: 59 727 93 67 E-mail: biuro[at]coolmar.net Wy\u015bwietl wi\u0119ksz\u0105 map\u0119<\/p>\n","protected":false},"author":1,"featured_media":0,"parent":11,"menu_order":2,"comment_status":"open","ping_status":"closed","template":"","meta":{"footnotes":""},"_links":{"self":[{"href":"http:\/\/coolmar.net\/index.php?rest_route=\/wp\/v2\/pages\/20"}],"collection":[{"href":"http:\/\/coolmar.net\/index.php?rest_route=\/wp\/v2\/pages"}],"about":[{"href":"http:\/\/coolmar.net\/index.php?rest_route=\/wp\/v2\/types\/page"}],"author":[{"embeddable":true,"href":"http:\/\/coolmar.net\/index.php?rest_route=\/wp\/v2\/users\/1"}],"replies":[{"embeddable":true,"href":"http:\/\/coolmar.net\/index.php?rest_route=%2Fwp%2Fv2%2Fcomments&post=20"}],"version-history":[{"count":23,"href":"http:\/\/coolmar.net\/index.php?rest_route=\/wp\/v2\/pages\/20\/revisions"}],"predecessor-version":[{"id":45,"href":"http:\/\/coolmar.net\/index.php?rest_route=\/wp\/v2\/pages\/20\/revisions\/45"}],"up":[{"embeddable":true,"href":"http:\/\/coolmar.net\/index.php?rest_route=\/wp\/v2\/pages\/11"}],"wp:attachment":[{"href":"http:\/\/coolmar.net\/index.php?rest_route=%2Fwp%2Fv2%2Fmedia&parent=20"}],"curies":[{"name":"wp","href":"https:\/\/api.w.org\/{rel}","templated":true}]}}